{"id":3058,"date":"2025-12-15T16:01:41","date_gmt":"2025-12-15T16:01:41","guid":{"rendered":"https:\/\/auto-loncaric.hr\/?post_type=product&#038;p=3058"},"modified":"2025-12-15T16:01:41","modified_gmt":"2025-12-15T16:01:41","slug":"subaru-impreza-2-0-boxer-diesel","status":"publish","type":"product","link":"https:\/\/auto-loncaric.hr\/en\/product\/subaru-impreza-2-0-boxer-diesel\/","title":{"rendered":"Subaru Impreza 2.0 Boxer Diesel"},"content":{"rendered":"<p>Predstavljamo Subaru Imprezu 2.0D, model 2010., u atraktivnoj hatchback izvedbi, pa\u017eljivo odabran i temeljito provjeren primjerak iz na\u0161e ponude rabljenih vozila. Ovaj model kombinira prepoznatljivu Subaru pouzdanost, iznimnu stabilnost pogona na sve kota\u010de i ekonomi\u010dan, ali sna\u017ean boxer dizelski motor.<\/p>\n<h3 style=\"text-align: left;\" data-start=\"501\" data-end=\"535\"><strong data-start=\"505\" data-end=\"535\"><br \/>\nKlju\u010dne Prednosti Vozila<\/strong><\/h3>\n<ul data-start=\"536\" data-end=\"855\">\n<li style=\"text-align: left;\" data-start=\"536\" data-end=\"612\">\n<p data-start=\"538\" data-end=\"612\"><strong data-start=\"538\" data-end=\"557\">Symmetrical AWD<\/strong> \u2013 stalni pogon na sve kota\u010de za maksimalnu sigurnost<\/p>\n<\/li>\n<li style=\"text-align: left;\" data-start=\"613\" data-end=\"686\">\n<p data-start=\"615\" data-end=\"686\"><strong data-start=\"615\" data-end=\"643\">2.0 Boxer Diesel, 150 KS<\/strong> \u2013 izdr\u017eljiv, \u0161tedljiv i kultiviran motor<\/p>\n<\/li>\n<li style=\"text-align: left;\" data-start=\"687\" data-end=\"742\">\n<p data-start=\"689\" data-end=\"742\"><strong data-start=\"689\" data-end=\"713\">Izvrsna upravljivost<\/strong> u svim vremenskim uvjetima<\/p>\n<\/li>\n<li style=\"text-align: left;\" data-start=\"743\" data-end=\"804\">\n<p data-start=\"745\" data-end=\"804\"><strong data-start=\"745\" data-end=\"777\">Provjerena servisna povijest<\/strong> \u2013 originalna kilometra\u017ea<\/p>\n<\/li>\n<\/ul>\n<h3 style=\"text-align: left;\" data-start=\"862\" data-end=\"894\"><strong data-start=\"866\" data-end=\"894\">\u00a0<\/strong><strong data-start=\"505\" data-end=\"535\">\u00a0<\/strong><strong data-start=\"866\" data-end=\"894\">Tehni\u010dke specifikacije<\/strong><\/h3>\n<ul>\n<li data-start=\"897\" data-end=\"916\">Godi\u0161te: <strong data-start=\"906\" data-end=\"914\">2010<\/strong><\/li>\n<li data-start=\"919\" data-end=\"957\">Motor: <strong data-start=\"926\" data-end=\"955\">2.0 Boxer Diesel (150 KS)<\/strong><\/li>\n<li data-start=\"960\" data-end=\"993\">Mjenja\u010d: <strong data-start=\"969\" data-end=\"991\">6-stupanjski ru\u010dni<\/strong><\/li>\n<li data-start=\"996\" data-end=\"1033\">Karoserija: <strong data-start=\"1008\" data-end=\"1031\">5-vrata (Hatchback)<\/strong><\/li>\n<li style=\"text-align: left;\" data-start=\"1036\" data-end=\"1066\">Emisijski standard: <strong data-start=\"1056\" data-end=\"1066\">Euro 5<\/strong><\/li>\n<\/ul>\n<h3 style=\"text-align: left;\" data-start=\"1858\" data-end=\"1895\"><strong data-start=\"1862\" data-end=\"1895\">Kontakt i dodatne informacije<\/strong><\/h3>\n<p style=\"text-align: left;\" data-start=\"1896\" data-end=\"2077\">Za vi\u0161e detalja, rezervaciju termina ili dogovor za probnu vo\u017enju, kontaktirajte nas putem obrasca na stranici ili telefonom. Na\u0161 stru\u010dni tim rado \u0107e odgovoriti na sva va\u0161a pita<\/p>","protected":false},"excerpt":{"rendered":"[fusion_text columns=\"\" rule_style=\"default\" rule_size=\"\" animation_direction=\"left\" animation_speed=\"0.3\" hide_on_mobile=\"small-visibility,medium-visibility,large-visibility\" sticky_display=\"normal,sticky\" margin_bottom=\"40px\"][\/fusion_text]\n<p>[fusion_title title_type=\"text\" rotation_effect=\"bounceIn\" display_time=\"1200\" highlight_effect=\"circle\" loop_animation=\"off\" highlight_width=\"9\" highlight_top_margin=\"0\" title_link=\"off\" link_target=\"_self\" content_align=\"left\" size=\"5\" text_shadow=\"no\" text_shadow_blur=\"0\" gradient_font=\"no\" gradient_start_position=\"0\" gradient_end_position=\"100\" gradient_type=\"linear\" radial_direction=\"center center\" linear_angle=\"180\" style_type=\"default\" animation_direction=\"left\" animation_speed=\"0.3\" hide_on_mobile=\"small-visibility,medium-visibility,large-visibility\" sticky_display=\"normal,sticky\"]Glavne karakteristike [\/fusion_title][fusion_imageframe custom_aspect_ratio=\"100\" lightbox=\"no\" linktarget=\"_self\" align_medium=\"none\" align_small=\"none\" align=\"none\" hover_type=\"none\" caption_style=\"off\" caption_align_medium=\"none\" caption_align_small=\"none\" caption_align=\"none\" caption_title_tag=\"2\" animation_direction=\"left\" animation_speed=\"0.3\" hide_on_mobile=\"small-visibility,medium-visibility,large-visibility\" sticky_display=\"normal,sticky\" filter_hue=\"0\" filter_saturation=\"100\" filter_brightness=\"100\" filter_contrast=\"100\" filter_invert=\"0\" filter_sepia=\"0\" filter_opacity=\"100\" filter_blur=\"0\" filter_hue_hover=\"0\" filter_saturation_hover=\"100\" filter_brightness_hover=\"100\" filter_contrast_hover=\"100\" filter_invert_hover=\"0\" filter_sepia_hover=\"0\" filter_opacity_hover=\"100\" filter_blur_hover=\"0\" image_id=\"167|full\" max_width=\"60px\" margin_bottom=\"40px\"]https:\/\/avada.theme-fusion.com\/car-dealership\/wp-content\/uploads\/sites\/165\/2021\/12\/heading-separator.png[\/fusion_imageframe][fusion_builder_row_inner][fusion_builder_column_inner type=\"1_3\" type=\"1_3\" align_self=\"auto\" content_layout=\"column\" align_content=\"flex-start\" valign_content=\"flex-start\" content_wrap=\"wrap\" center_content=\"no\" target=\"_self\" hide_on_mobile=\"small-visibility,medium-visibility,large-visibility\" sticky_display=\"normal,sticky\" order_medium=\"0\" order_small=\"0\" hover_type=\"none\" border_style=\"solid\" box_shadow=\"no\" box_shadow_blur=\"0\" box_shadow_spread=\"0\" background_type=\"single\" gradient_start_position=\"0\" gradient_end_position=\"100\" gradient_type=\"linear\" radial_direction=\"center center\" linear_angle=\"180\" background_position=\"left top\" background_repeat=\"no-repeat\" background_blend_mode=\"none\" filter_type=\"regular\" filter_hue=\"0\" filter_saturation=\"100\" filter_brightness=\"100\" filter_contrast=\"100\" filter_invert=\"0\" filter_sepia=\"0\" filter_opacity=\"100\" filter_blur=\"0\" filter_hue_hover=\"0\" filter_saturation_hover=\"100\" filter_brightness_hover=\"100\" filter_contrast_hover=\"100\" filter_invert_hover=\"0\" filter_sepia_hover=\"0\" filter_opacity_hover=\"100\" filter_blur_hover=\"0\" animation_direction=\"left\" animation_speed=\"0.3\" last=\"no\" border_position=\"all\" border_sizes_right=\"1px\" border_color=\"hsla(var(--awb-color2-h),var(--awb-color2-s),calc(var(--awb-color2-l) - 5%),var(--awb-color2-a))\" min_height=\"\" link=\"\"][fusion_fontawesome icon=\"fusion-prefix-awb-cardealership-performance\" spin=\"no\" linktarget=\"_self\" bg_size=\"0\" hide_on_mobile=\"small-visibility,medium-visibility,large-visibility\" sticky_display=\"normal,sticky\" animation_direction=\"left\" animation_speed=\"0.3\" circle=\"no\" iconcolor=\"var(--awb-color4)\" iconcolor_hover=\"var(--awb-color5)\" size=\"60\" alignment=\"center\" \/][fusion_text rule_style=\"default\" animation_direction=\"left\" animation_speed=\"0.3\" hide_on_mobile=\"small-visibility,medium-visibility,large-visibility\" sticky_display=\"normal,sticky\" line_height=\"1.3\" margin_top=\"20px\" font_size=\"20px\" margin_bottom=\"0px\" content_alignment=\"center\"]<br \/>\n174 752km<br \/>\n[\/fusion_text][\/fusion_builder_column_inner][fusion_builder_column_inner type=\"1_3\" type=\"1_3\" align_self=\"auto\" content_layout=\"column\" align_content=\"flex-start\" valign_content=\"flex-start\" content_wrap=\"wrap\" center_content=\"no\" target=\"_self\" hide_on_mobile=\"small-visibility,medium-visibility,large-visibility\" sticky_display=\"normal,sticky\" order_medium=\"0\" order_small=\"0\" hover_type=\"none\" border_style=\"solid\" box_shadow=\"no\" box_shadow_blur=\"0\" box_shadow_spread=\"0\" background_type=\"single\" gradient_start_position=\"0\" gradient_end_position=\"100\" gradient_type=\"linear\" radial_direction=\"center center\" linear_angle=\"180\" background_position=\"left top\" background_repeat=\"no-repeat\" background_blend_mode=\"none\" filter_type=\"regular\" filter_hue=\"0\" filter_saturation=\"100\" filter_brightness=\"100\" filter_contrast=\"100\" filter_invert=\"0\" filter_sepia=\"0\" filter_opacity=\"100\" filter_blur=\"0\" filter_hue_hover=\"0\" filter_saturation_hover=\"100\" filter_brightness_hover=\"100\" filter_contrast_hover=\"100\" filter_invert_hover=\"0\" filter_sepia_hover=\"0\" filter_opacity_hover=\"100\" filter_blur_hover=\"0\" animation_direction=\"left\" animation_speed=\"0.3\" last=\"no\" border_position=\"all\" min_height=\"\" link=\"\"][fusion_fontawesome icon=\"fusion-prefix-awb-cardealership-stick\" spin=\"no\" linktarget=\"_self\" bg_size=\"0\" hide_on_mobile=\"small-visibility,medium-visibility,large-visibility\" sticky_display=\"normal,sticky\" animation_direction=\"left\" animation_speed=\"0.3\" circle=\"no\" iconcolor=\"var(--awb-color4)\" iconcolor_hover=\"var(--awb-color5)\" size=\"60\" alignment=\"center\" \/][fusion_text rule_style=\"default\" animation_direction=\"left\" animation_speed=\"0.3\" hide_on_mobile=\"small-visibility,medium-visibility,large-visibility\" sticky_display=\"normal,sticky\" line_height=\"1.3\" margin_top=\"20px\" font_size=\"20px\" margin_bottom=\"0px\" content_alignment=\"center\"]<br \/>\nRu\u010dni mjenja\u010d<br \/>\n[\/fusion_text][\/fusion_builder_column_inner][fusion_builder_column_inner type=\"1_3\" type=\"1_3\" align_self=\"auto\" content_layout=\"column\" align_content=\"flex-start\" valign_content=\"flex-start\" content_wrap=\"wrap\" center_content=\"no\" target=\"_self\" hide_on_mobile=\"small-visibility,medium-visibility,large-visibility\" sticky_display=\"normal,sticky\" order_medium=\"0\" order_small=\"0\" hover_type=\"none\" border_style=\"solid\" box_shadow=\"no\" box_shadow_blur=\"0\" box_shadow_spread=\"0\" background_type=\"single\" gradient_start_position=\"0\" gradient_end_position=\"100\" gradient_type=\"linear\" radial_direction=\"center center\" linear_angle=\"180\" background_position=\"left top\" background_repeat=\"no-repeat\" background_blend_mode=\"none\" filter_type=\"regular\" filter_hue=\"0\" filter_saturation=\"100\" filter_brightness=\"100\" filter_contrast=\"100\" filter_invert=\"0\" filter_sepia=\"0\" filter_opacity=\"100\" filter_blur=\"0\" filter_hue_hover=\"0\" filter_saturation_hover=\"100\" filter_brightness_hover=\"100\" filter_contrast_hover=\"100\" filter_invert_hover=\"0\" filter_sepia_hover=\"0\" filter_opacity_hover=\"100\" filter_blur_hover=\"0\" animation_direction=\"left\" animation_speed=\"0.3\" last=\"no\" border_position=\"all\" border_sizes_left=\"1px\" border_color=\"hsla(var(--awb-color2-h),var(--awb-color2-s),calc(var(--awb-color2-l) - 5%),var(--awb-color2-a))\" min_height=\"\" link=\"\"][fusion_fontawesome icon=\"fusion-prefix-awb-cardealership-chassis\" spin=\"no\" linktarget=\"_self\" bg_size=\"0\" hide_on_mobile=\"small-visibility,medium-visibility,large-visibility\" sticky_display=\"normal,sticky\" animation_direction=\"left\" animation_speed=\"0.3\" circle=\"no\" iconcolor=\"var(--awb-color4)\" iconcolor_hover=\"var(--awb-color5)\" size=\"60\" alignment=\"center\" \/][fusion_text rule_style=\"default\" animation_direction=\"left\" animation_speed=\"0.3\" hide_on_mobile=\"small-visibility,medium-visibility,large-visibility\" sticky_display=\"normal,sticky\" line_height=\"1.3\" margin_top=\"20px\" font_size=\"20px\" margin_bottom=\"0px\" content_alignment=\"center\"]<br \/>\nA W D<br \/>\n[\/fusion_text][\/fusion_builder_column_inner][fusion_builder_column_inner type=\"1_3\" type=\"1_3\" align_self=\"auto\" content_layout=\"column\" align_content=\"flex-start\" valign_content=\"flex-start\" content_wrap=\"wrap\" center_content=\"no\" target=\"_self\" hide_on_mobile=\"small-visibility,medium-visibility,large-visibility\" sticky_display=\"normal,sticky\" order_medium=\"0\" order_small=\"0\" hover_type=\"none\" border_style=\"solid\" box_shadow=\"no\" box_shadow_blur=\"0\" box_shadow_spread=\"0\" background_type=\"single\" gradient_start_position=\"0\" gradient_end_position=\"100\" gradient_type=\"linear\" radial_direction=\"center center\" linear_angle=\"180\" background_position=\"left top\" background_repeat=\"no-repeat\" background_blend_mode=\"none\" filter_type=\"regular\" filter_hue=\"0\" filter_saturation=\"100\" filter_brightness=\"100\" filter_contrast=\"100\" filter_invert=\"0\" filter_sepia=\"0\" filter_opacity=\"100\" filter_blur=\"0\" filter_hue_hover=\"0\" filter_saturation_hover=\"100\" filter_brightness_hover=\"100\" filter_contrast_hover=\"100\" filter_invert_hover=\"0\" filter_sepia_hover=\"0\" filter_opacity_hover=\"100\" filter_blur_hover=\"0\" animation_direction=\"left\" animation_speed=\"0.3\" last=\"no\" border_position=\"all\" margin_top=\"20px\" border_sizes_right=\"1px\" border_color=\"hsla(var(--awb-color2-h),var(--awb-color2-s),calc(var(--awb-color2-l) - 5%),var(--awb-color2-a))\" min_height=\"\" link=\"\"][fusion_fontawesome icon=\"fusion-prefix-awb-cardealership-fuel\" spin=\"no\" linktarget=\"_self\" bg_size=\"0\" hide_on_mobile=\"small-visibility,medium-visibility,large-visibility\" sticky_display=\"normal,sticky\" animation_direction=\"left\" animation_speed=\"0.3\" circle=\"no\" iconcolor=\"var(--awb-color4)\" iconcolor_hover=\"var(--awb-color5)\" size=\"60\" alignment=\"center\" \/][fusion_text rule_style=\"default\" animation_direction=\"left\" animation_speed=\"0.3\" hide_on_mobile=\"small-visibility,medium-visibility,large-visibility\" sticky_display=\"normal,sticky\" line_height=\"1.3\" margin_top=\"20px\" font_size=\"20px\" margin_bottom=\"0px\" content_alignment=\"center\"]<br \/>\nDiesel<br \/>\n[\/fusion_text][\/fusion_builder_column_inner][fusion_builder_column_inner type=\"1_3\" type=\"1_3\" align_self=\"auto\" content_layout=\"column\" align_content=\"flex-start\" valign_content=\"flex-start\" content_wrap=\"wrap\" center_content=\"no\" target=\"_self\" hide_on_mobile=\"small-visibility,medium-visibility,large-visibility\" sticky_display=\"normal,sticky\" order_medium=\"0\" order_small=\"0\" hover_type=\"none\" border_style=\"solid\" box_shadow=\"no\" box_shadow_blur=\"0\" box_shadow_spread=\"0\" background_type=\"single\" gradient_start_position=\"0\" gradient_end_position=\"100\" gradient_type=\"linear\" radial_direction=\"center center\" linear_angle=\"180\" background_position=\"left top\" background_repeat=\"no-repeat\" background_blend_mode=\"none\" filter_type=\"regular\" filter_hue=\"0\" filter_saturation=\"100\" filter_brightness=\"100\" filter_contrast=\"100\" filter_invert=\"0\" filter_sepia=\"0\" filter_opacity=\"100\" filter_blur=\"0\" filter_hue_hover=\"0\" filter_saturation_hover=\"100\" filter_brightness_hover=\"100\" filter_contrast_hover=\"100\" filter_invert_hover=\"0\" filter_sepia_hover=\"0\" filter_opacity_hover=\"100\" filter_blur_hover=\"0\" animation_direction=\"left\" animation_speed=\"0.3\" last=\"no\" border_position=\"all\" margin_top=\"20px\" border_color=\"var(--awb-color3)\" min_height=\"\" link=\"\"][fusion_fontawesome icon=\"fusion-prefix-awb-cardealership-engine\" spin=\"no\" linktarget=\"_self\" bg_size=\"0\" hide_on_mobile=\"small-visibility,medium-visibility,large-visibility\" sticky_display=\"normal,sticky\" animation_direction=\"left\" animation_speed=\"0.3\" circle=\"no\" iconcolor=\"var(--awb-color4)\" iconcolor_hover=\"var(--awb-color5)\" size=\"60\" alignment=\"center\" \/][fusion_text rule_style=\"default\" animation_direction=\"left\" animation_speed=\"0.3\" hide_on_mobile=\"small-visibility,medium-visibility,large-visibility\" sticky_display=\"normal,sticky\" line_height=\"1.3\" margin_top=\"20px\" font_size=\"20px\" margin_bottom=\"0px\" content_alignment=\"center\"]<br \/>\n2.0<br \/>\n[\/fusion_text][\/fusion_builder_column_inner][fusion_builder_column_inner type=\"1_3\" type=\"1_3\" align_self=\"auto\" content_layout=\"column\" align_content=\"flex-start\" valign_content=\"flex-start\" content_wrap=\"wrap\" center_content=\"no\" target=\"_self\" hide_on_mobile=\"small-visibility,medium-visibility,large-visibility\" sticky_display=\"normal,sticky\" order_medium=\"0\" order_small=\"0\" hover_type=\"none\" border_style=\"solid\" box_shadow=\"no\" box_shadow_blur=\"0\" box_shadow_spread=\"0\" background_type=\"single\" gradient_start_position=\"0\" gradient_end_position=\"100\" gradient_type=\"linear\" radial_direction=\"center center\" linear_angle=\"180\" background_position=\"left top\" background_repeat=\"no-repeat\" background_blend_mode=\"none\" filter_type=\"regular\" filter_hue=\"0\" filter_saturation=\"100\" filter_brightness=\"100\" filter_contrast=\"100\" filter_invert=\"0\" filter_sepia=\"0\" filter_opacity=\"100\" filter_blur=\"0\" filter_hue_hover=\"0\" filter_saturation_hover=\"100\" filter_brightness_hover=\"100\" filter_contrast_hover=\"100\" filter_invert_hover=\"0\" filter_sepia_hover=\"0\" filter_opacity_hover=\"100\" filter_blur_hover=\"0\" animation_direction=\"left\" animation_speed=\"0.3\" last=\"no\" border_position=\"all\" margin_top=\"20px\" border_sizes_left=\"1px\" border_color=\"hsla(var(--awb-color2-h),var(--awb-color2-s),calc(var(--awb-color2-l) - 5%),var(--awb-color2-a))\" margin_bottom=\"20px\" min_height=\"\" link=\"\"][fusion_fontawesome icon=\"fusion-prefix-awb-cardealership-brakes\" spin=\"no\" linktarget=\"_self\" bg_size=\"0\" hide_on_mobile=\"small-visibility,medium-visibility,large-visibility\" sticky_display=\"normal,sticky\" animation_direction=\"left\" animation_speed=\"0.3\" circle=\"no\" iconcolor=\"var(--awb-color4)\" iconcolor_hover=\"var(--awb-color5)\" size=\"60\" alignment=\"center\" \/][fusion_text rule_style=\"default\" animation_direction=\"left\" animation_speed=\"0.3\" hide_on_mobile=\"small-visibility,medium-visibility,large-visibility\" sticky_display=\"normal,sticky\" line_height=\"1.3\" margin_top=\"20px\" font_size=\"20px\" margin_bottom=\"0px\" content_alignment=\"center\"]<br \/>\nDisk ko\u010dnice<br \/>\n[\/fusion_text][\/fusion_builder_column_inner][\/fusion_builder_row_inner][fusion_separator style_type=\"single solid\" flex_grow=\"0\" alignment=\"left\" hide_on_mobile=\"small-visibility,medium-visibility,large-visibility\" sticky_display=\"normal,sticky\" width=\"500px\" sep_color=\"hsla(var(--awb-color2-h),var(--awb-color2-s),calc(var(--awb-color2-l) - 5%),var(--awb-color2-a))\" top_margin=\"30px\" bottom_margin=\"50px\" \/]<\/p>\n[fusion_checklist hide_on_mobile=\"small-visibility,medium-visibility,large-visibility\" circle=\"no\" iconcolor=\"var(--awb-color4)\"][fusion_li_item icon=\"fusion-prefix-awb-cardealership-map-marker-alt-solid\"]Adresa: 10431, Sveta Nedelja, HR[\/fusion_li_item][fusion_li_item icon=\"fusion-prefix-awb-cardealership-phone-alt-solid\"]Kontakt telefon:+385 01 33 77 555[\/fusion_li_item][fusion_li_item icon=\"fusion-prefix-awb-cardealership-money-bill-alt-solid\"]Financiranje: Dostupno [\/fusion_li_item][\/fusion_checklist]\n[fusion_button target=\"_self\" color=\"custom\" linear_angle=\"180\" stretch=\"default\" icon_position=\"left\" icon_divider=\"no\" animation_direction=\"left\" animation_speed=\"0.3\" hide_on_mobile=\"small-visibility,medium-visibility,large-visibility\" sticky_display=\"normal,sticky\" link=\"https:\/\/auto-loncaric.hr\/contact-us\/\" fusion_font_family_button_font=\"var(--awb-typography3-font-family)\" font_size=\"var(--awb-typography3-font-size)\" line_height=\"var(--awb-typography3-line-height)\" letter_spacing=\"var(--awb-typography3-letter-spacing)\" text_transform=\"var(--awb-typography3-text-transform)\" margin_top=\"40px\" margin_right=\"20px\" fusion_font_variant_button_font=\"var(--awb-typography3)\" border_top=\"1px\" border_right=\"1px\" border_bottom=\"1px\" border_left=\"1px\" border_color=\"var(--awb-color5)\" border_hover_color=\"var(--awb-color7)\" button_gradient_top_color=\"var(--awb-color5)\" button_gradient_bottom_color=\"var(--awb-color5)\" button_gradient_top_color_hover=\"var(--awb-color7)\" button_gradient_bottom_color_hover=\"var(--awb-color7)\"]KONTAKTIRAJ NAS [\/fusion_button]\n","protected":false},"featured_media":3059,"template":"","meta":[],"product_brand":[],"product_cat":[72],"product_tag":[],"class_list":{"0":"post-3058","1":"product","2":"type-product","3":"status-publish","4":"has-post-thumbnail","6":"product_cat-used-cars","8":"first","9":"instock","10":"shipping-taxable","11":"purchasable","12":"product-type-simple"},"_links":{"self":[{"href":"https:\/\/auto-loncaric.hr\/en\/wp-json\/wp\/v2\/product\/3058","targetHints":{"allow":["GET"]}}],"collection":[{"href":"https:\/\/auto-loncaric.hr\/en\/wp-json\/wp\/v2\/product"}],"about":[{"href":"https:\/\/auto-loncaric.hr\/en\/wp-json\/wp\/v2\/types\/product"}],"wp:featuredmedia":[{"embeddable":true,"href":"https:\/\/auto-loncaric.hr\/en\/wp-json\/wp\/v2\/media\/3059"}],"wp:attachment":[{"href":"https:\/\/auto-loncaric.hr\/en\/wp-json\/wp\/v2\/media?parent=3058"}],"wp:term":[{"taxonomy":"product_brand","embeddable":true,"href":"https:\/\/auto-loncaric.hr\/en\/wp-json\/wp\/v2\/product_brand?post=3058"},{"taxonomy":"product_cat","embeddable":true,"href":"https:\/\/auto-loncaric.hr\/en\/wp-json\/wp\/v2\/product_cat?post=3058"},{"taxonomy":"product_tag","embeddable":true,"href":"https:\/\/auto-loncaric.hr\/en\/wp-json\/wp\/v2\/product_tag?post=3058"}],"curies":[{"name":"wp","href":"https:\/\/api.w.org\/{rel}","templated":true}]}}