{"id":2949,"date":"2025-04-08T15:07:26","date_gmt":"2025-04-08T15:07:26","guid":{"rendered":"https:\/\/auto-loncaric.hr\/?post_type=product&#038;p=2949"},"modified":"2026-03-18T15:52:06","modified_gmt":"2026-03-18T15:52:06","slug":"subaru-outback-20-d-2016","status":"publish","type":"product","link":"https:\/\/auto-loncaric.hr\/en\/product\/subaru-outback-20-d-2016\/","title":{"rendered":"Subaru Outback 2,0 D AWD \u2013 2016."},"content":{"rendered":"<h3 class=\"\" data-start=\"206\" data-end=\"268\"><strong data-start=\"210\" data-end=\"268\">Subaru Outback 2,0 D \u2013 2016.<\/strong><strong data-start=\"210\" data-end=\"268\">\u00a0<\/strong><\/h3>\n<p class=\"\" data-start=\"251\" data-end=\"325\"><strong data-start=\"251\" data-end=\"325\">\u2705 Dostupno odmah \u00a0\u2705 NOVI polumotor | \u2705 Premium oprema | \u2705 Servisna evidencija\u00a0<\/strong><\/p>\n<p class=\"\" data-start=\"327\" data-end=\"524\">Prodaje se <strong data-start=\"338\" data-end=\"377\">Subaru Outback 2.0 Turbo Diesel AWD<\/strong>, opremljen bogatim <strong data-start=\"397\" data-end=\"423\">Premium paketom opreme<\/strong>, u izvrsnom tehni\u010dkom stanju. Redovito odr\u017eavan i servisiran u ovla\u0161tenom servisu <strong data-start=\"506\" data-end=\"523\">Auto Lon\u010dari\u0107<\/strong>.<\/p>\n<p class=\"\" data-start=\"1211\" data-end=\"1269\"><strong data-start=\"1211\" data-end=\"1269\">Vozilo je pregledano i pripremljeno za novog vlasnika.<\/strong><\/p>\n<p class=\"\" data-start=\"1460\" data-end=\"1522\"><strong data-start=\"1460\" data-end=\"1522\">Zamjena staro za novo vrijedi isklju\u010divo za Subaru vozila.<\/strong><\/p>\n<p class=\"\" data-start=\"1524\" data-end=\"1674\">Za vi\u0161e informacija, posjetite nas ili nas kontaktirajte \u2013 <strong data-start=\"1583\" data-end=\"1607\">Subaru Auto Lon\u010dari\u0107<\/strong> stoji vam na raspolaganju. Mogu\u0107nost testne vo\u017enje.<\/p>\n<h4 class=\"\" data-start=\"787\" data-end=\"814\"><strong data-start=\"792\" data-end=\"814\">Posebnosti vozila:<\/strong><\/h4>\n<ul data-start=\"816\" data-end=\"1197\">\n<li class=\"\" data-start=\"816\" data-end=\"953\">\n<p class=\"\" data-start=\"818\" data-end=\"847\"><strong data-start=\"818\" data-end=\"844\">Ugra\u0111en novi polumotor na 162.000 km<\/strong><\/p>\n<ul data-start=\"850\" data-end=\"953\">\n<li class=\"\" data-start=\"850\" data-end=\"896\">\n<p class=\"\" data-start=\"852\" data-end=\"896\">Zamijenjeni blok motora, radilica, klipovi<\/p>\n<\/li>\n<li data-start=\"850\" data-end=\"896\">remen i nateza\u010d alternatora, crijevo turbine<\/li>\n<li class=\"\" data-start=\"899\" data-end=\"953\">\n<p class=\"\" data-start=\"901\" data-end=\"953\">Radovi izvedeni profesionalno u ovla\u0161tenom servisu<\/p>\n<\/li>\n<\/ul>\n<\/li>\n<li class=\"\" data-start=\"1002\" data-end=\"1020\">\n<p class=\"\" data-start=\"1004\" data-end=\"1020\"><strong data-start=\"1004\" data-end=\"1018\">Navigacija<\/strong><\/p>\n<\/li>\n<li class=\"\" data-start=\"1021\" data-end=\"1041\">\n<p class=\"\" data-start=\"1023\" data-end=\"1041\"><strong data-start=\"1023\" data-end=\"1039\">Krovni otvor<\/strong><\/p>\n<\/li>\n<li class=\"\" data-start=\"1042\" data-end=\"1082\">\n<p class=\"\" data-start=\"1044\" data-end=\"1082\"><strong data-start=\"1044\" data-end=\"1080\">Elektri\u010dno otvaranje prtlja\u017enika<\/strong><\/p>\n<\/li>\n<\/ul>","protected":false},"excerpt":{"rendered":"[fusion_text columns=\"\" rule_style=\"default\" rule_size=\"\" animation_direction=\"left\" animation_speed=\"0.3\" hide_on_mobile=\"small-visibility,medium-visibility,large-visibility\" sticky_display=\"normal,sticky\" margin_bottom=\"40px\"][\/fusion_text]\n<p>[fusion_title title_type=\"text\" rotation_effect=\"bounceIn\" display_time=\"1200\" highlight_effect=\"circle\" loop_animation=\"off\" highlight_width=\"9\" highlight_top_margin=\"0\" title_link=\"off\" link_target=\"_self\" content_align=\"left\" size=\"5\" text_shadow=\"no\" text_shadow_blur=\"0\" gradient_font=\"no\" gradient_start_position=\"0\" gradient_end_position=\"100\" gradient_type=\"linear\" radial_direction=\"center center\" linear_angle=\"180\" style_type=\"default\" animation_direction=\"left\" animation_speed=\"0.3\" hide_on_mobile=\"small-visibility,medium-visibility,large-visibility\" sticky_display=\"normal,sticky\"]Glavne karakteristike [\/fusion_title][fusion_imageframe custom_aspect_ratio=\"100\" lightbox=\"no\" linktarget=\"_self\" align_medium=\"none\" align_small=\"none\" align=\"none\" hover_type=\"none\" caption_style=\"off\" caption_align_medium=\"none\" caption_align_small=\"none\" caption_align=\"none\" caption_title_tag=\"2\" animation_direction=\"left\" animation_speed=\"0.3\" hide_on_mobile=\"small-visibility,medium-visibility,large-visibility\" sticky_display=\"normal,sticky\" filter_hue=\"0\" filter_saturation=\"100\" filter_brightness=\"100\" filter_contrast=\"100\" filter_invert=\"0\" filter_sepia=\"0\" filter_opacity=\"100\" filter_blur=\"0\" filter_hue_hover=\"0\" filter_saturation_hover=\"100\" filter_brightness_hover=\"100\" filter_contrast_hover=\"100\" filter_invert_hover=\"0\" filter_sepia_hover=\"0\" filter_opacity_hover=\"100\" filter_blur_hover=\"0\" image_id=\"167|full\" max_width=\"60px\" margin_bottom=\"40px\"]https:\/\/avada.theme-fusion.com\/car-dealership\/wp-content\/uploads\/sites\/165\/2021\/12\/heading-separator.png[\/fusion_imageframe][fusion_builder_row_inner][fusion_builder_column_inner type=\"1_3\" type=\"1_3\" align_self=\"auto\" content_layout=\"column\" align_content=\"flex-start\" valign_content=\"flex-start\" content_wrap=\"wrap\" center_content=\"no\" target=\"_self\" hide_on_mobile=\"small-visibility,medium-visibility,large-visibility\" sticky_display=\"normal,sticky\" order_medium=\"0\" order_small=\"0\" hover_type=\"none\" border_style=\"solid\" box_shadow=\"no\" box_shadow_blur=\"0\" box_shadow_spread=\"0\" background_type=\"single\" gradient_start_position=\"0\" gradient_end_position=\"100\" gradient_type=\"linear\" radial_direction=\"center center\" linear_angle=\"180\" background_position=\"left top\" background_repeat=\"no-repeat\" background_blend_mode=\"none\" filter_type=\"regular\" filter_hue=\"0\" filter_saturation=\"100\" filter_brightness=\"100\" filter_contrast=\"100\" filter_invert=\"0\" filter_sepia=\"0\" filter_opacity=\"100\" filter_blur=\"0\" filter_hue_hover=\"0\" filter_saturation_hover=\"100\" filter_brightness_hover=\"100\" filter_contrast_hover=\"100\" filter_invert_hover=\"0\" filter_sepia_hover=\"0\" filter_opacity_hover=\"100\" filter_blur_hover=\"0\" animation_direction=\"left\" animation_speed=\"0.3\" last=\"no\" border_position=\"all\" border_sizes_right=\"1px\" border_color=\"hsla(var(--awb-color2-h),var(--awb-color2-s),calc(var(--awb-color2-l) - 5%),var(--awb-color2-a))\" min_height=\"\" link=\"\"][fusion_fontawesome icon=\"fusion-prefix-awb-cardealership-performance\" spin=\"no\" linktarget=\"_self\" bg_size=\"0\" hide_on_mobile=\"small-visibility,medium-visibility,large-visibility\" sticky_display=\"normal,sticky\" animation_direction=\"left\" animation_speed=\"0.3\" circle=\"no\" iconcolor=\"var(--awb-color4)\" iconcolor_hover=\"var(--awb-color5)\" size=\"60\" alignment=\"center\" \/][fusion_text rule_style=\"default\" animation_direction=\"left\" animation_speed=\"0.3\" hide_on_mobile=\"small-visibility,medium-visibility,large-visibility\" sticky_display=\"normal,sticky\" line_height=\"1.3\" margin_top=\"20px\" font_size=\"20px\" margin_bottom=\"0px\" content_alignment=\"center\"]<br \/>\n179.000 km<br \/>\n[\/fusion_text][\/fusion_builder_column_inner][fusion_builder_column_inner type=\"1_3\" type=\"1_3\" align_self=\"auto\" content_layout=\"column\" align_content=\"flex-start\" valign_content=\"flex-start\" content_wrap=\"wrap\" center_content=\"no\" target=\"_self\" hide_on_mobile=\"small-visibility,medium-visibility,large-visibility\" sticky_display=\"normal,sticky\" order_medium=\"0\" order_small=\"0\" hover_type=\"none\" border_style=\"solid\" box_shadow=\"no\" box_shadow_blur=\"0\" box_shadow_spread=\"0\" background_type=\"single\" gradient_start_position=\"0\" gradient_end_position=\"100\" gradient_type=\"linear\" radial_direction=\"center center\" linear_angle=\"180\" background_position=\"left top\" background_repeat=\"no-repeat\" background_blend_mode=\"none\" filter_type=\"regular\" filter_hue=\"0\" filter_saturation=\"100\" filter_brightness=\"100\" filter_contrast=\"100\" filter_invert=\"0\" filter_sepia=\"0\" filter_opacity=\"100\" filter_blur=\"0\" filter_hue_hover=\"0\" filter_saturation_hover=\"100\" filter_brightness_hover=\"100\" filter_contrast_hover=\"100\" filter_invert_hover=\"0\" filter_sepia_hover=\"0\" filter_opacity_hover=\"100\" filter_blur_hover=\"0\" animation_direction=\"left\" animation_speed=\"0.3\" last=\"no\" border_position=\"all\" min_height=\"\" link=\"\"][fusion_fontawesome icon=\"fusion-prefix-awb-cardealership-stick\" spin=\"no\" linktarget=\"_self\" bg_size=\"0\" hide_on_mobile=\"small-visibility,medium-visibility,large-visibility\" sticky_display=\"normal,sticky\" animation_direction=\"left\" animation_speed=\"0.3\" circle=\"no\" iconcolor=\"var(--awb-color4)\" iconcolor_hover=\"var(--awb-color5)\" size=\"60\" alignment=\"center\" \/][fusion_text rule_style=\"default\" animation_direction=\"left\" animation_speed=\"0.3\" hide_on_mobile=\"small-visibility,medium-visibility,large-visibility\" sticky_display=\"normal,sticky\" line_height=\"1.3\" margin_top=\"20px\" font_size=\"20px\" margin_bottom=\"0px\" content_alignment=\"center\"]<br \/>\nCVT Automatik<br \/>\n[\/fusion_text][\/fusion_builder_column_inner][fusion_builder_column_inner type=\"1_3\" type=\"1_3\" align_self=\"auto\" content_layout=\"column\" align_content=\"flex-start\" valign_content=\"flex-start\" content_wrap=\"wrap\" center_content=\"no\" target=\"_self\" hide_on_mobile=\"small-visibility,medium-visibility,large-visibility\" sticky_display=\"normal,sticky\" order_medium=\"0\" order_small=\"0\" hover_type=\"none\" border_style=\"solid\" box_shadow=\"no\" box_shadow_blur=\"0\" box_shadow_spread=\"0\" background_type=\"single\" gradient_start_position=\"0\" gradient_end_position=\"100\" gradient_type=\"linear\" radial_direction=\"center center\" linear_angle=\"180\" background_position=\"left top\" background_repeat=\"no-repeat\" background_blend_mode=\"none\" filter_type=\"regular\" filter_hue=\"0\" filter_saturation=\"100\" filter_brightness=\"100\" filter_contrast=\"100\" filter_invert=\"0\" filter_sepia=\"0\" filter_opacity=\"100\" filter_blur=\"0\" filter_hue_hover=\"0\" filter_saturation_hover=\"100\" filter_brightness_hover=\"100\" filter_contrast_hover=\"100\" filter_invert_hover=\"0\" filter_sepia_hover=\"0\" filter_opacity_hover=\"100\" filter_blur_hover=\"0\" animation_direction=\"left\" animation_speed=\"0.3\" last=\"no\" border_position=\"all\" border_sizes_left=\"1px\" border_color=\"hsla(var(--awb-color2-h),var(--awb-color2-s),calc(var(--awb-color2-l) - 5%),var(--awb-color2-a))\" min_height=\"\" link=\"\"][fusion_fontawesome icon=\"fusion-prefix-awb-cardealership-chassis\" spin=\"no\" linktarget=\"_self\" bg_size=\"0\" hide_on_mobile=\"small-visibility,medium-visibility,large-visibility\" sticky_display=\"normal,sticky\" animation_direction=\"left\" animation_speed=\"0.3\" circle=\"no\" iconcolor=\"var(--awb-color4)\" iconcolor_hover=\"var(--awb-color5)\" size=\"60\" alignment=\"center\" \/][fusion_text rule_style=\"default\" animation_direction=\"left\" animation_speed=\"0.3\" hide_on_mobile=\"small-visibility,medium-visibility,large-visibility\" sticky_display=\"normal,sticky\" line_height=\"1.3\" margin_top=\"20px\" font_size=\"20px\" margin_bottom=\"0px\" content_alignment=\"center\"]<br \/>\nA W D<br \/>\n[\/fusion_text][\/fusion_builder_column_inner][fusion_builder_column_inner type=\"1_3\" type=\"1_3\" align_self=\"auto\" content_layout=\"column\" align_content=\"flex-start\" valign_content=\"flex-start\" content_wrap=\"wrap\" center_content=\"no\" target=\"_self\" hide_on_mobile=\"small-visibility,medium-visibility,large-visibility\" sticky_display=\"normal,sticky\" order_medium=\"0\" order_small=\"0\" hover_type=\"none\" border_style=\"solid\" box_shadow=\"no\" box_shadow_blur=\"0\" box_shadow_spread=\"0\" background_type=\"single\" gradient_start_position=\"0\" gradient_end_position=\"100\" gradient_type=\"linear\" radial_direction=\"center center\" linear_angle=\"180\" background_position=\"left top\" background_repeat=\"no-repeat\" background_blend_mode=\"none\" filter_type=\"regular\" filter_hue=\"0\" filter_saturation=\"100\" filter_brightness=\"100\" filter_contrast=\"100\" filter_invert=\"0\" filter_sepia=\"0\" filter_opacity=\"100\" filter_blur=\"0\" filter_hue_hover=\"0\" filter_saturation_hover=\"100\" filter_brightness_hover=\"100\" filter_contrast_hover=\"100\" filter_invert_hover=\"0\" filter_sepia_hover=\"0\" filter_opacity_hover=\"100\" filter_blur_hover=\"0\" animation_direction=\"left\" animation_speed=\"0.3\" last=\"no\" border_position=\"all\" margin_top=\"20px\" border_sizes_right=\"1px\" border_color=\"hsla(var(--awb-color2-h),var(--awb-color2-s),calc(var(--awb-color2-l) - 5%),var(--awb-color2-a))\" min_height=\"\" link=\"\"][fusion_fontawesome icon=\"fusion-prefix-awb-cardealership-fuel\" spin=\"no\" linktarget=\"_self\" bg_size=\"0\" hide_on_mobile=\"small-visibility,medium-visibility,large-visibility\" sticky_display=\"normal,sticky\" animation_direction=\"left\" animation_speed=\"0.3\" circle=\"no\" iconcolor=\"var(--awb-color4)\" iconcolor_hover=\"var(--awb-color5)\" size=\"60\" alignment=\"center\" \/][fusion_text rule_style=\"default\" animation_direction=\"left\" animation_speed=\"0.3\" hide_on_mobile=\"small-visibility,medium-visibility,large-visibility\" sticky_display=\"normal,sticky\" line_height=\"1.3\" margin_top=\"20px\" font_size=\"20px\" margin_bottom=\"0px\" content_alignment=\"center\"]<br \/>\nTurbo Dizel<br \/>\n[\/fusion_text][\/fusion_builder_column_inner][fusion_builder_column_inner type=\"1_3\" type=\"1_3\" align_self=\"auto\" content_layout=\"column\" align_content=\"flex-start\" valign_content=\"flex-start\" content_wrap=\"wrap\" center_content=\"no\" target=\"_self\" hide_on_mobile=\"small-visibility,medium-visibility,large-visibility\" sticky_display=\"normal,sticky\" order_medium=\"0\" order_small=\"0\" hover_type=\"none\" border_style=\"solid\" box_shadow=\"no\" box_shadow_blur=\"0\" box_shadow_spread=\"0\" background_type=\"single\" gradient_start_position=\"0\" gradient_end_position=\"100\" gradient_type=\"linear\" radial_direction=\"center center\" linear_angle=\"180\" background_position=\"left top\" background_repeat=\"no-repeat\" background_blend_mode=\"none\" filter_type=\"regular\" filter_hue=\"0\" filter_saturation=\"100\" filter_brightness=\"100\" filter_contrast=\"100\" filter_invert=\"0\" filter_sepia=\"0\" filter_opacity=\"100\" filter_blur=\"0\" filter_hue_hover=\"0\" filter_saturation_hover=\"100\" filter_brightness_hover=\"100\" filter_contrast_hover=\"100\" filter_invert_hover=\"0\" filter_sepia_hover=\"0\" filter_opacity_hover=\"100\" filter_blur_hover=\"0\" animation_direction=\"left\" animation_speed=\"0.3\" last=\"no\" border_position=\"all\" margin_top=\"20px\" border_color=\"var(--awb-color3)\" min_height=\"\" link=\"\"][fusion_fontawesome icon=\"fusion-prefix-awb-cardealership-engine\" spin=\"no\" linktarget=\"_self\" bg_size=\"0\" hide_on_mobile=\"small-visibility,medium-visibility,large-visibility\" sticky_display=\"normal,sticky\" animation_direction=\"left\" animation_speed=\"0.3\" circle=\"no\" iconcolor=\"var(--awb-color4)\" iconcolor_hover=\"var(--awb-color5)\" size=\"60\" alignment=\"center\" \/][fusion_text rule_style=\"default\" animation_direction=\"left\" animation_speed=\"0.3\" hide_on_mobile=\"small-visibility,medium-visibility,large-visibility\" sticky_display=\"normal,sticky\" line_height=\"1.3\" margin_top=\"20px\" font_size=\"20px\" margin_bottom=\"0px\" content_alignment=\"center\"]<br \/>\n2.0-Boxer<br \/>\n[\/fusion_text][\/fusion_builder_column_inner][fusion_builder_column_inner type=\"1_3\" type=\"1_3\" align_self=\"auto\" content_layout=\"column\" align_content=\"flex-start\" valign_content=\"flex-start\" content_wrap=\"wrap\" center_content=\"no\" target=\"_self\" hide_on_mobile=\"small-visibility,medium-visibility,large-visibility\" sticky_display=\"normal,sticky\" order_medium=\"0\" order_small=\"0\" hover_type=\"none\" border_style=\"solid\" box_shadow=\"no\" box_shadow_blur=\"0\" box_shadow_spread=\"0\" background_type=\"single\" gradient_start_position=\"0\" gradient_end_position=\"100\" gradient_type=\"linear\" radial_direction=\"center center\" linear_angle=\"180\" background_position=\"left top\" background_repeat=\"no-repeat\" background_blend_mode=\"none\" filter_type=\"regular\" filter_hue=\"0\" filter_saturation=\"100\" filter_brightness=\"100\" filter_contrast=\"100\" filter_invert=\"0\" filter_sepia=\"0\" filter_opacity=\"100\" filter_blur=\"0\" filter_hue_hover=\"0\" filter_saturation_hover=\"100\" filter_brightness_hover=\"100\" filter_contrast_hover=\"100\" filter_invert_hover=\"0\" filter_sepia_hover=\"0\" filter_opacity_hover=\"100\" filter_blur_hover=\"0\" animation_direction=\"left\" animation_speed=\"0.3\" last=\"no\" border_position=\"all\" margin_top=\"20px\" border_sizes_left=\"1px\" border_color=\"hsla(var(--awb-color2-h),var(--awb-color2-s),calc(var(--awb-color2-l) - 5%),var(--awb-color2-a))\" margin_bottom=\"20px\" min_height=\"\" link=\"\"][fusion_fontawesome icon=\"fusion-prefix-awb-cardealership-brakes\" spin=\"no\" linktarget=\"_self\" bg_size=\"0\" hide_on_mobile=\"small-visibility,medium-visibility,large-visibility\" sticky_display=\"normal,sticky\" animation_direction=\"left\" animation_speed=\"0.3\" circle=\"no\" iconcolor=\"var(--awb-color4)\" iconcolor_hover=\"var(--awb-color5)\" size=\"60\" alignment=\"center\" \/][fusion_text rule_style=\"default\" animation_direction=\"left\" animation_speed=\"0.3\" hide_on_mobile=\"small-visibility,medium-visibility,large-visibility\" sticky_display=\"normal,sticky\" line_height=\"1.3\" margin_top=\"20px\" font_size=\"20px\" margin_bottom=\"0px\" content_alignment=\"center\"]<br \/>\nDisk ko\u010dnice<br \/>\n[\/fusion_text][\/fusion_builder_column_inner][\/fusion_builder_row_inner][fusion_separator style_type=\"single solid\" flex_grow=\"0\" alignment=\"left\" hide_on_mobile=\"small-visibility,medium-visibility,large-visibility\" sticky_display=\"normal,sticky\" width=\"500px\" sep_color=\"hsla(var(--awb-color2-h),var(--awb-color2-s),calc(var(--awb-color2-l) - 5%),var(--awb-color2-a))\" top_margin=\"30px\" bottom_margin=\"50px\" \/]<\/p>\n[fusion_checklist hide_on_mobile=\"small-visibility,medium-visibility,large-visibility\" circle=\"no\" iconcolor=\"var(--awb-color4)\"][fusion_li_item icon=\"fusion-prefix-awb-cardealership-map-marker-alt-solid\"]Adresa: 10431, Sveta Nedelja, HR[\/fusion_li_item][fusion_li_item icon=\"fusion-prefix-awb-cardealership-phone-alt-solid\"]Kontakt telefon:+385 01 33 77 555[\/fusion_li_item][fusion_li_item icon=\"fusion-prefix-awb-cardealership-money-bill-alt-solid\"]Financiranje: Dostupno [\/fusion_li_item][\/fusion_checklist]\n[fusion_button target=\"_self\" color=\"custom\" linear_angle=\"180\" stretch=\"default\" icon_position=\"left\" icon_divider=\"no\" animation_direction=\"left\" animation_speed=\"0.3\" hide_on_mobile=\"small-visibility,medium-visibility,large-visibility\" sticky_display=\"normal,sticky\" link=\"https:\/\/auto-loncaric.hr\/contact-us\/\" fusion_font_family_button_font=\"var(--awb-typography3-font-family)\" font_size=\"var(--awb-typography3-font-size)\" line_height=\"var(--awb-typography3-line-height)\" letter_spacing=\"var(--awb-typography3-letter-spacing)\" text_transform=\"var(--awb-typography3-text-transform)\" margin_top=\"40px\" margin_right=\"20px\" fusion_font_variant_button_font=\"var(--awb-typography3)\" border_top=\"1px\" border_right=\"1px\" border_bottom=\"1px\" border_left=\"1px\" border_color=\"var(--awb-color5)\" border_hover_color=\"var(--awb-color7)\" button_gradient_top_color=\"var(--awb-color5)\" button_gradient_bottom_color=\"var(--awb-color5)\" button_gradient_top_color_hover=\"var(--awb-color7)\" button_gradient_bottom_color_hover=\"var(--awb-color7)\"]KONTAKTIRAJ NAS [\/fusion_button]\n","protected":false},"featured_media":2609,"template":"","meta":[],"product_brand":[],"product_cat":[72],"product_tag":[],"class_list":{"0":"post-2949","1":"product","2":"type-product","3":"status-publish","4":"has-post-thumbnail","6":"product_cat-used-cars","8":"first","9":"instock","10":"shipping-taxable","11":"purchasable","12":"product-type-simple"},"_links":{"self":[{"href":"https:\/\/auto-loncaric.hr\/en\/wp-json\/wp\/v2\/product\/2949","targetHints":{"allow":["GET"]}}],"collection":[{"href":"https:\/\/auto-loncaric.hr\/en\/wp-json\/wp\/v2\/product"}],"about":[{"href":"https:\/\/auto-loncaric.hr\/en\/wp-json\/wp\/v2\/types\/product"}],"wp:featuredmedia":[{"embeddable":true,"href":"https:\/\/auto-loncaric.hr\/en\/wp-json\/wp\/v2\/media\/2609"}],"wp:attachment":[{"href":"https:\/\/auto-loncaric.hr\/en\/wp-json\/wp\/v2\/media?parent=2949"}],"wp:term":[{"taxonomy":"product_brand","embeddable":true,"href":"https:\/\/auto-loncaric.hr\/en\/wp-json\/wp\/v2\/product_brand?post=2949"},{"taxonomy":"product_cat","embeddable":true,"href":"https:\/\/auto-loncaric.hr\/en\/wp-json\/wp\/v2\/product_cat?post=2949"},{"taxonomy":"product_tag","embeddable":true,"href":"https:\/\/auto-loncaric.hr\/en\/wp-json\/wp\/v2\/product_tag?post=2949"}],"curies":[{"name":"wp","href":"https:\/\/api.w.org\/{rel}","templated":true}]}}