{"id":1101,"date":"2022-02-15T15:22:15","date_gmt":"2022-02-15T15:22:15","guid":{"rendered":"https:\/\/auto-loncaric.hr\/?page_id=1101"},"modified":"2024-03-01T12:41:19","modified_gmt":"2024-03-01T12:41:19","slug":"about-us","status":"publish","type":"page","link":"https:\/\/auto-loncaric.hr\/en\/about-us\/","title":{"rendered":"O nama"},"content":{"rendered":"<div class=\"fusion-fullwidth fullwidth-box fusion-builder-row-1 fusion-flex-container has-pattern-background has-mask-background nonhundred-percent-fullwidth non-hundred-percent-height-scrolling\" style=\"--awb-border-radius-top-left:0px;--awb-border-radius-top-right:0px;--awb-border-radius-bottom-right:0px;--awb-border-radius-bottom-left:0px;--awb-flex-wrap:wrap;\" ><div class=\"fusion-builder-row fusion-row fusion-flex-align-items-flex-start fusion-flex-content-wrap\" style=\"max-width:1393.6px;margin-left: calc(-4% \/ 2 );margin-right: calc(-4% \/ 2 );\"><div class=\"fusion-layout-column fusion_builder_column fusion-builder-column-0 fusion_builder_column_1_1 1_1 fusion-flex-column\" style=\"--awb-bg-size:cover;--awb-width-large:100%;--awb-margin-top-large:0px;--awb-spacing-right-large:1.92%;--awb-margin-bottom-large:20px;--awb-spacing-left-large:1.92%;--awb-width-medium:100%;--awb-order-medium:0;--awb-spacing-right-medium:1.92%;--awb-spacing-left-medium:1.92%;--awb-width-small:100%;--awb-order-small:0;--awb-spacing-right-small:1.92%;--awb-spacing-left-small:1.92%;\"><div class=\"fusion-column-wrapper fusion-column-has-shadow fusion-flex-justify-content-flex-start fusion-content-layout-column\"><div class=\"fusion-image-element\" style=\"--awb-aspect-ratio:21 \/ 9;--awb-caption-title-font-family:var(--h2_typography-font-family);--awb-caption-title-font-weight:var(--h2_typography-font-weight);--awb-caption-title-font-style:var(--h2_typography-font-style);--awb-caption-title-size:var(--h2_typography-font-size);--awb-caption-title-transform:var(--h2_typography-text-transform);--awb-caption-title-line-height:var(--h2_typography-line-height);--awb-caption-title-letter-spacing:var(--h2_typography-letter-spacing);\"><span class=\"fusion-imageframe imageframe-none imageframe-1 hover-type-none has-aspect-ratio\"><img decoding=\"async\" width=\"2048\" height=\"1365\" title=\"311634522_645623803922971_7750907713677368725_n\" src=\"https:\/\/auto-loncaric.hr\/wp-content\/uploads\/2024\/03\/311634522_645623803922971_7750907713677368725_n.jpg\" data-orig-src=\"https:\/\/auto-loncaric.hr\/wp-content\/uploads\/2024\/03\/311634522_645623803922971_7750907713677368725_n.jpg\" class=\"lazyload img-responsive wp-image-2646 img-with-aspect-ratio\" data-parent-fit=\"cover\" data-parent-container=\".fusion-image-element\" alt srcset=\"data:image\/svg+xml,%3Csvg%20xmlns%3D%27http%3A%2F%2Fwww.w3.org%2F2000%2Fsvg%27%20width%3D%272048%27%20height%3D%271365%27%20viewBox%3D%270%200%202048%201365%27%3E%3Crect%20width%3D%272048%27%20height%3D%271365%27%20fill-opacity%3D%220%22%2F%3E%3C%2Fsvg%3E\" data-srcset=\"https:\/\/auto-loncaric.hr\/wp-content\/uploads\/2024\/03\/311634522_645623803922971_7750907713677368725_n-200x133.jpg 200w, https:\/\/auto-loncaric.hr\/wp-content\/uploads\/2024\/03\/311634522_645623803922971_7750907713677368725_n-400x267.jpg 400w, https:\/\/auto-loncaric.hr\/wp-content\/uploads\/2024\/03\/311634522_645623803922971_7750907713677368725_n-600x400.jpg 600w, https:\/\/auto-loncaric.hr\/wp-content\/uploads\/2024\/03\/311634522_645623803922971_7750907713677368725_n-800x533.jpg 800w, https:\/\/auto-loncaric.hr\/wp-content\/uploads\/2024\/03\/311634522_645623803922971_7750907713677368725_n-1200x800.jpg 1200w, https:\/\/auto-loncaric.hr\/wp-content\/uploads\/2024\/03\/311634522_645623803922971_7750907713677368725_n.jpg 2048w\" data-sizes=\"auto\" data-orig-sizes=\"(max-width: 800px) 100vw, 2048px\" \/><\/span><\/div><\/div><\/div><div class=\"fusion-layout-column fusion_builder_column fusion-builder-column-1 fusion_builder_column_2_3 2_3 fusion-flex-column\" style=\"--awb-bg-size:cover;--awb-width-large:66.666666666667%;--awb-margin-top-large:0px;--awb-spacing-right-large:2.88%;--awb-margin-bottom-large:20px;--awb-spacing-left-large:2.88%;--awb-width-medium:66.666666666667%;--awb-order-medium:0;--awb-spacing-right-medium:2.88%;--awb-spacing-left-medium:2.88%;--awb-width-small:100%;--awb-order-small:0;--awb-spacing-right-small:1.92%;--awb-spacing-left-small:1.92%;\"><div class=\"fusion-column-wrapper fusion-column-has-shadow fusion-flex-justify-content-flex-start fusion-content-layout-column\"><div class=\"fusion-text fusion-text-1\"><p>Auto Lon\u010dari\u0107 d.o.o. tvrtka je u vlasni\u0161tvu g. Nenada Lon\u010dari\u0107a, vi\u0161estrukog prvaka Hrvatske u rally-u, osnovana jo\u0161 1993. godine. nenad Lon\u010dari\u0107 je svoje najve\u0107e uspjehe postigao za upravlja\u010dem trka\u0107e verzije Subaru Impreze WRX\/STI gr.N.<\/p>\n<p>S obzirom na 20 godi\u0161nje iskustvo u specijaliziranom servisu Subaru vozila, 2013. godine postali smo dio ovla\u0161tene mre\u017ee Subaru servisa i prodaje vozila, novih i rabljenih. Na\u0161 prodajni salon nalazi se na na\u0161oj poznatoj adresi u Sv. Nedelji pored Samobora, na adresi Franje Tu\u0111mana 81 (glavna cesta koja povezuje Samobor i Zagreb).<\/p>\n<p>Pored kompletne game Subaru vozila nudimo i prodaju orginalnih rezervnih dijelova, te naravno i sve druge usluge na\u0161e servisne radionice, od mehanike, elektrike, dijagnostike, reparature motora i mjena\u010da, limarije i lakirnice. Isto tako nudimo i rabljena Subaru vozila koja su pomno pregledana u na\u0161em servisu, te za njih jam\u010dimo ispravnost i pouzdanost.<\/p>\n<p>Kao ovla\u0161teni Subaru servis i salon za prodaju vozila nudimo sve potrebno za brigu o va\u0161em limenom ljubimcu, redovne servisne intervencije, vanredne intervencije, garantne popravke, vangarantne popravke, nadogradnje orginalnom dodatnom opremom, individualna rje\u0161enja za zahtjevnije voza\u010de, savjete o odr\u017eavanju vozila, upoznavanje s tehni\u010dkim karakteristikama i specifi\u010dnostima Subaru vozila itd.<\/p>\n<\/div><\/div><\/div><div class=\"fusion-layout-column fusion_builder_column fusion-builder-column-2 fusion_builder_column_1_3 1_3 fusion-flex-column\" style=\"--awb-bg-size:cover;--awb-width-large:33.333333333333%;--awb-margin-top-large:0px;--awb-spacing-right-large:5.76%;--awb-margin-bottom-large:20px;--awb-spacing-left-large:5.76%;--awb-width-medium:33.333333333333%;--awb-order-medium:0;--awb-spacing-right-medium:5.76%;--awb-spacing-left-medium:5.76%;--awb-width-small:100%;--awb-order-small:0;--awb-spacing-right-small:1.92%;--awb-spacing-left-small:1.92%;\"><div class=\"fusion-column-wrapper fusion-column-has-shadow fusion-flex-justify-content-flex-start fusion-content-layout-column\"><div class=\"fusion-facebook-page fb-page fusion-facebook-page-1\" style=\"display:flex; justify-content:flex-start;\" data-href=\"https:\/\/www.facebook.com\/autoloncaric\/vada\/\" data-tabs=\"timeline\" data-width=\"340\" data-height=\"500\"><\/div><script async defer crossorigin=\"anonymous\" src=\"https:\/\/connect.facebook.net\/en_US\/sdk.js#xfbml=1&version=v14.0\"><\/script><div id=\"fb-root\"><\/div><\/div><\/div><\/div><\/div>","protected":false},"excerpt":{"rendered":"","protected":false},"author":1,"featured_media":0,"parent":0,"menu_order":0,"comment_status":"closed","ping_status":"closed","template":"100-width.php","meta":{"footnotes":""},"class_list":["post-1101","page","type-page","status-publish","hentry"],"_links":{"self":[{"href":"https:\/\/auto-loncaric.hr\/en\/wp-json\/wp\/v2\/pages\/1101","targetHints":{"allow":["GET"]}}],"collection":[{"href":"https:\/\/auto-loncaric.hr\/en\/wp-json\/wp\/v2\/pages"}],"about":[{"href":"https:\/\/auto-loncaric.hr\/en\/wp-json\/wp\/v2\/types\/page"}],"author":[{"embeddable":true,"href":"https:\/\/auto-loncaric.hr\/en\/wp-json\/wp\/v2\/users\/1"}],"replies":[{"embeddable":true,"href":"https:\/\/auto-loncaric.hr\/en\/wp-json\/wp\/v2\/comments?post=1101"}],"version-history":[{"count":0,"href":"https:\/\/auto-loncaric.hr\/en\/wp-json\/wp\/v2\/pages\/1101\/revisions"}],"wp:attachment":[{"href":"https:\/\/auto-loncaric.hr\/en\/wp-json\/wp\/v2\/media?parent=1101"}],"curies":[{"name":"wp","href":"https:\/\/api.w.org\/{rel}","templated":true}]}}